{"id":4,"date":"2012-02-28T10:26:19","date_gmt":"2012-02-28T10:26:19","guid":{"rendered":"http:\/\/www.sanctus.fi\/demo\/?page_id=4"},"modified":"2025-04-27T09:35:30","modified_gmt":"2025-04-27T09:35:30","slug":"etusivu","status":"publish","type":"page","link":"https:\/\/www.sanctus.fi\/","title":{"rendered":"Etusivu"},"content":{"rendered":"\n<div class=\"wp-block-columns is-layout-flex wp-container-core-columns-is-layout-28f84493 wp-block-columns-is-layout-flex\">\n<div class=\"wp-block-column is-layout-flow wp-block-column-is-layout-flow\" style=\"flex-basis:50%\">\n<figure class=\"wp-block-image size-full is-resized\"><a href=\"http:\/\/sanctus.mycashflow.fi\"><img loading=\"lazy\" decoding=\"async\" width=\"123\" height=\"220\" src=\"http:\/\/www.sanctus.fi\/wp-content\/uploads\/2014\/08\/ovi_kauppaan.png\" alt=\"Klikkaa kauppaan\" class=\"wp-image-604\" style=\"width:106px;height:auto\"\/><\/a><\/figure>\n<\/div>\n\n\n\n<div class=\"wp-block-column is-layout-flow wp-block-column-is-layout-flow\" style=\"flex-basis:80%\">\n<p><script id=\"Cookiebot\" src=\"https:\/\/consent.cookiebot.com\/uc.js\" data-cbid=\"1d0f816b-e7f8-4be8-98ad-7fcef8399ff2\" type=\"text\/javascript\"><\/script><\/p>\n<p>TERVETULOA SANCTUS-VERKKOKAUPPAAN.\u00a0 KAUPPAAN P\u00c4\u00c4SEE SIS\u00c4LLE KLIKKAAMALLA OHEISEN OVEN KUVAA.<\/p>\n\n\n\n<p><br><\/p>\n\n\n\n<p>TUOTTEET&nbsp; OVAT&nbsp; KAUPAN PUOLELLA&nbsp; JA SIELL\u00c4&nbsp; TEHD\u00c4\u00c4N&nbsp; MY\u00d6S&nbsp; TILAUKSET.<\/p>\n\n\n\n<p><\/p>\n\n\n\n<p><\/p>\n\n\n\n<p>VOIT MY\u00d6S K\u00c4YD\u00c4 TUTUSTUMASSA SANCTUKSEN ESITTELYSIVUIHIN KLIKKAAMALLA YL\u00c4NAUHASSA OLEVIA KUVAKKEITA.<br><\/p>\n\n\n\n<p><\/p>\n\n\n\n<p>Jatkaaksesi sivuston k\u00e4ytt\u00f6\u00e4, pyyd\u00e4mme sinua hyv\u00e4ksym\u00e4\u00e4n ev\u00e4steiden (Cookies) k\u00e4yt\u00f6n. Ne auttavat meit\u00e4 tarjoamaan sinulle paremman k\u00e4ytt\u00f6kokemuksen. Ensimm\u00e4isen hyv\u00e4ksynt\u00e4si j\u00e4lkeen ohjelma muistaa valintasi ja n\u00e4yt\u00f6n vasempaan alareunaan ilmestyy keltainen lukon kuva. Sit\u00e4 klikkaamalla p\u00e4\u00e4set muuttamaan hyv\u00e4ksynt\u00e4\u00e4si.<br><\/p>\n\n\n\n<p><\/p>\n<\/div>\n<\/div>\n","protected":false},"excerpt":{"rendered":"<p>TERVETULOA SANCTUS-VERKKOKAUPPAAN.\u00a0 KAUPPAAN P\u00c4\u00c4SEE SIS\u00c4LLE KLIKKAAMALLA OHEISEN OVEN KUVAA. TUOTTEET&nbsp; OVAT&nbsp; KAUPAN PUOLELLA&nbsp; JA SIELL\u00c4&nbsp; TEHD\u00c4\u00c4N&nbsp; MY\u00d6S&nbsp; TILAUKSET. VOIT MY\u00d6S K\u00c4YD\u00c4 TUTUSTUMASSA SANCTUKSEN ESITTELYSIVUIHIN KLIKKAAMALLA YL\u00c4NAUHASSA OLEVIA KUVAKKEITA. Jatkaaksesi sivuston k\u00e4ytt\u00f6\u00e4, pyyd\u00e4mme sinua hyv\u00e4ksym\u00e4\u00e4n ev\u00e4steiden (Cookies) k\u00e4yt\u00f6n. Ne auttavat meit\u00e4 tarjoamaan sinulle paremman k\u00e4ytt\u00f6kokemuksen. Ensimm\u00e4isen hyv\u00e4ksynt\u00e4si j\u00e4lkeen ohjelma muistaa valintasi ja n\u00e4yt\u00f6n vasempaan alareunaan ilmestyy [&hellip;]<\/p>\n","protected":false},"author":1,"featured_media":0,"parent":0,"menu_order":10,"comment_status":"closed","ping_status":"closed","template":"","meta":{"footnotes":""},"class_list":["post-4","page","type-page","status-publish","hentry"],"_links":{"self":[{"href":"https:\/\/www.sanctus.fi\/index.php?rest_route=\/wp\/v2\/pages\/4","targetHints":{"allow":["GET"]}}],"collection":[{"href":"https:\/\/www.sanctus.fi\/index.php?rest_route=\/wp\/v2\/pages"}],"about":[{"href":"https:\/\/www.sanctus.fi\/index.php?rest_route=\/wp\/v2\/types\/page"}],"author":[{"embeddable":true,"href":"https:\/\/www.sanctus.fi\/index.php?rest_route=\/wp\/v2\/users\/1"}],"replies":[{"embeddable":true,"href":"https:\/\/www.sanctus.fi\/index.php?rest_route=%2Fwp%2Fv2%2Fcomments&post=4"}],"version-history":[{"count":150,"href":"https:\/\/www.sanctus.fi\/index.php?rest_route=\/wp\/v2\/pages\/4\/revisions"}],"predecessor-version":[{"id":1046,"href":"https:\/\/www.sanctus.fi\/index.php?rest_route=\/wp\/v2\/pages\/4\/revisions\/1046"}],"wp:attachment":[{"href":"https:\/\/www.sanctus.fi\/index.php?rest_route=%2Fwp%2Fv2%2Fmedia&parent=4"}],"curies":[{"name":"wp","href":"https:\/\/api.w.org\/{rel}","templated":true}]}}