{"id":54,"date":"2012-03-07T08:09:37","date_gmt":"2012-03-07T08:09:37","guid":{"rendered":"http:\/\/www.sanctus.fi\/demo\/?page_id=54"},"modified":"2024-04-22T12:11:03","modified_gmt":"2024-04-22T12:11:03","slug":"kynttilat","status":"publish","type":"page","link":"http:\/\/www.sanctus.fi\/?page_id=54","title":{"rendered":"Kynttil\u00e4t"},"content":{"rendered":"<p>Kynttil\u00e4t kuvineen l\u00f6yd\u00e4t verkkokaupasta, jonne p\u00e4\u00e4set <a href=\"http:\/\/sanctus.mycashflow.fi\/category\/4\/kynttilat\">t\u00e4st\u00e4<\/a>.<\/p>\n<p>&nbsp;<\/p>\n<p><a href=\"#historia\">Historia<\/a>\u00a0| <a href=\"#valmistaminen\">Valmistaminen<\/a> | <a href=\"#tuotevalikoima\">Tuotevalikoima<\/a><\/p>\n<p>&nbsp;<\/p>\n<p>Sanctus Oy on valinnut kynttil\u00e4ntoimittajakseen laadun huipulta VIO-kynttil\u00e4tehtaan.<\/p>\n<p>Kirkoissa vain paras laatu on kyllin hyv\u00e4\u00e4. Savuttaminen ja nokeaminen aiheuttavat vaikeasti ja kalliisti korjattavia vahinkoja kirkon seinille, maalauksille, uruille, tekstiileille ja esineille. Siksi on t\u00e4rke\u00e4\u00e4 polttaa vain parhaita mahdollisia kynttil\u00f6it\u00e4, jotka palavat puhtaasti. VIO-kynttil\u00e4t valmistetaan kirkkokynttil\u00e4steariinista, jonka jodiluku on alle 0,5. Kynttil\u00e4t s\u00e4ilyv\u00e4t pitk\u00e4\u00e4n puhtaan valkoisina.<\/p>\n<p>Nyt voit tilata juuri kirkkonne kynttil\u00e4njalkoihin oikean kokoiset kynttil\u00e4t. Tehtaalla sorvataan jalkaosa antamanne halkaisijan mukaan, jolloin kynttil\u00e4 menee helposti jalkaan. Kynttil\u00e4t voidaan my\u00f6s tehtaalla sahata teille sopivaan mittaan. Muutosten j\u00e4lkeenkin kynttil\u00e4t ovat edullisia vaikka laatu on paras mahdollinen. Mittaa sopiva jalan halkaisija ja mieti korkeus, soita sen j\u00e4lkeen 0400 471086 ja pyyd\u00e4 tarjous. Helppoa ja edullista laadun ostamista!<\/p>\n<p>&nbsp;<\/p>\n<p><a title=\"Kynttil\u00e4t\" href=\"http:\/\/sanctus.mycashflow.fi\/category\/4\/kynttilat\" target=\"_blank\" rel=\"noopener noreferrer\"><img loading=\"lazy\" decoding=\"async\" title=\"Lis\u00e4tietoja ja tilaukset kaupan puolelta\" src=\"http:\/\/www.sanctus.fi\/wp-content\/uploads\/2012\/08\/kauppa_nappi2.png\" alt=\"Lis\u00e4tietoja ja tilaukset kaupan puolelta\" width=\"150\" height=\"34\" \/><\/a>\u00a0\u00a0 <a title=\"Yhteystiedot\" href=\"http:\/\/www.sanctus.fi\/?page_id=6\"><img loading=\"lazy\" decoding=\"async\" title=\"L\u00e4het\u00e4 viesti\" src=\"http:\/\/www.sanctus.fi\/wp-content\/uploads\/2012\/08\/viesti_nappi.png\" alt=\"L\u00e4het\u00e4 viesti\" width=\"104\" height=\"36\" \/><\/a><\/p>\n<h4><a name=\"historia\"><\/a>Kynttil\u00e4n historia<\/h4>\n<p>1400-luvulta alkaen on vuorokauden pimeit\u00e4 tunteja valaisemaan k\u00e4ytetty tali- ja vahakynttil\u00f6it\u00e4. Niiden valovoima oli pienehk\u00f6\u00a0 ja ne valuivat ja k\u00e4rysiv\u00e4t. Rikkaat saattoivat k\u00e4ytt\u00e4\u00e4 kalliita ylellisyystuotteita, mehil\u00e4isvahakynttil\u00f6it\u00e4.<\/p>\n<p><img loading=\"lazy\" decoding=\"async\" src=\"http:\/\/www.vio.se\/images\/chevreul.jpg\" alt=\"Chevreul\" width=\"77\" height=\"80\" \/>\u00a0\u00a0 1800-luvun alussa keksi ranskalainen kemisti Michel Chevreul talista ja rasvaisista \u00f6ljyist\u00e4 kiinte\u00e4n rasvan seoksia\u00a0(steariini\u00a0 ja\u00a0margariini) sek\u00e4 juoksevan rasvan (oelin). H\u00e4n kokeili pitk\u00e4\u00e4n kyet\u00e4kseen erottamaan erilaiset rasvat. 1825 pystyi h\u00e4n hakemaan patentin menetelm\u00e4lleen ja steariinikynttil\u00f6iden valmistus pystyttiin aloittamaan suuremmassa mittakaavassa.<\/p>\n<p><img loading=\"lazy\" decoding=\"async\" src=\"http:\/\/www.vio.se\/images\/hierta.jpg\" alt=\"Hierta\" width=\"77\" height=\"86\" \/>\u00a01837 n\u00e4ki teollisuusmies ja Aftonbladetin perustaja Lars Johan Hierta steariinikynttil\u00e4n matkallaan Lontooseen. Kynttil\u00e4 teki h\u00e4neen suuren vaikutuksen ja h\u00e4n otti yhteyden nuoreen kemistiin Johan Michaelssoniin, joka oli kiinnostunut rasvojen erottelusta. Hierta kustansi tarvittavat v\u00e4lineet ja 1838 asennettiin ensimm\u00e4inen kone Liljeholmenissa Tukholmassa.<\/p>\n<p>Kynttil\u00e4t olivat edelleen kalliita, kunnes Johan Michaelsson onnistui kehitt\u00e4m\u00e4\u00e4n menetelmi\u00e4 saada samasta rasvam\u00e4\u00e4r\u00e4st\u00e4 enemm\u00e4n steariinia, jolloin kynttil\u00f6iden hinta laski ja myynti kasvoi. 1900-luvun alussa kynttil\u00f6iden myynti v\u00e4heni voimakkaamman valon tuottavan s\u00e4hk\u00f6valon yleistyess\u00e4.<\/p>\n<p>1960-luvulla trendi k\u00e4\u00e4ntyi, kun kynttil\u00f6it\u00e4 alettiin k\u00e4ytt\u00e4\u00e4 tunnelman luojina.<\/p>\n<h4>VIO kynttil\u00e4tehdas aloitti toimintansa 1962<\/h4>\n<p><img loading=\"lazy\" decoding=\"async\" src=\"http:\/\/www.vio.se\/images\/kyrkoljus.jpg\" alt=\"Kyrkoljus\" width=\"200\" height=\"150\" \/>\u00a0 Nuoret veljekset Dag ja Lars Lyberg alkoivat valmistamaan kynttil\u00f6it\u00e4 Tengeness\u00e4. Myynnin kasvaessa yritys muutti tilanahtaudesta 1980 uusiin tiloihin Vedumiin Etel\u00e4-Ruotsiin.\u00a0 2001 yritys siirtyi uusille omistajille Morten Johansenille ja Ingemar Svenssonille.<\/p>\n<p>Nyky\u00e4\u00e4n VIO:lla on Ruotsin suurin kynttil\u00e4valikoima, joka on korkeinta mahdollista laatua. Suurin osa kynttil\u00f6ist\u00e4\u00a0on perinteist\u00e4 designi\u00e4. VIO:n asikkaina ovat myym\u00e4l\u00e4t, tukkukauppiaat, kirkot, ravintolat, puolustuslaitos jne.\u00a0Yrityksell\u00e4 on my\u00f6s vienti\u00e4\u00a0kaikkiin maanosiin.<\/p>\n<p>&nbsp;<\/p>\n<div id=\"col_r\"><a name=\"valmistaminen\"><\/a><\/p>\n<h4>Valmistaminen<\/h4>\n<h4>Kuinka kynttil\u00e4 tehd\u00e4\u00e4n?<\/h4>\n<p>Kynttil\u00f6iden valmistusaineina voidaan k\u00e4ytt\u00e4\u00e4 steariinia, parafiinia, mehil\u00e4isvahaa, cerasiinia, geelej\u00e4, kasvirasoja jne. Raaka-aineista on useita erilaisia laatuluokkia. Mit\u00e4 puhtaampi raaka-aine, sit\u00e4 parempi kynttil\u00e4. VIO kynttil\u00e4tehdas k\u00e4ytt\u00e4\u00e4 vain korkeimman laatuluokan raaka-aineita, puhtainta mahdollista steariinia. <strong>VIO kirkkokynttil\u00e4t valmistetaan\u00a0 parhaimmasta 100% steariinista.<\/strong><\/p>\n<p>Steariini valmistetaan el\u00e4in- ja\/ tai kasvirasvoista. Steariini on kova materiaali, jonka vuoksi kynttil\u00e4 kest\u00e4\u00e4 korkeampia l\u00e4mp\u00f6tiloja. Massa sulatetaan, j\u00e4\u00e4hdytet\u00e4\u00e4n ja k\u00e4ytet\u00e4\u00e4n vasta sen j\u00e4lkeen valmistukseen. T\u00e4m\u00e4n vuoksi kynttil\u00f6ist\u00e4 tulee kest\u00e4v\u00e4mpi\u00e4. Steariini valetaan muotteihin, esim. alttarikynttil\u00e4n muotoon.<\/p>\n<\/div>\n<p><img loading=\"lazy\" decoding=\"async\" class=\"\" src=\"https:\/\/shop.textalk.se\/shop\/ws39\/53039\/files\/Vio_Ljusfabrik_7301.jpg\" width=\"169\" height=\"254\" \/>\u00a0 \u00a0<img loading=\"lazy\" decoding=\"async\" class=\"\" src=\"https:\/\/shop.textalk.se\/shop\/ws39\/53039\/files\/Vio_Ljusfabrik_7406.jpg\" width=\"171\" height=\"257\" \/><\/p>\n<div id=\"col_r\">\n<p>&nbsp;<\/p>\n<h4>Syd\u00e4n<\/h4>\n<p>Kynttil\u00e4nsyd\u00e4n valmistetaan punotusta puuvillasta, joka ennakkok\u00e4sitell\u00e4\u00e4n boorihapolla, salmiakilla ja fosfaateilla. Ilman t\u00e4t\u00e4 k\u00e4sittely\u00e4 puhdas puuvilla palaisi liian nopeasti ja savuttaisi. Koska syd\u00e4nlanka on &#8221;letitetty&#8221;, taipuu se liekist\u00e4 ja palaa. Kynttil\u00e4 antaa l\u00e4mp\u00f6\u00e4 eniten siihen suuntaan, johon syd\u00e4n taipuu. Sen vuoksi on kynttil\u00f6iden v\u00e4lill\u00e4 pidett\u00e4v\u00e4 riitt\u00e4v\u00e4 et\u00e4isyys.<\/p>\n<p>Syd\u00e4nlangan valmistajan erinomainen sivu syd\u00e4mest\u00e4\u00a0\u00a0<a href=\"https:\/\/www.wedobraids.com\/en\/wick-positions\/\">https:\/\/www.wedobraids.com\/en\/wick-positions<\/a><\/p>\n<\/div>\n<div id=\"col_r\">\n<div class=\"w-full text-token-text-primary\" data-testid=\"conversation-turn-5\">\n<div class=\"px-4 py-2 justify-center text-base md:gap-6 m-auto\">\n<div class=\"flex flex-1 text-base mx-auto gap-3 md:px-5 lg:px-1 xl:px-5 md:max-w-3xl lg:max-w-[40rem] xl:max-w-[48rem] group final-completion\">\n<div class=\"relative flex w-full flex-col lg:w-[calc(100%-115px)] agent-turn\">\n<div class=\"flex-col gap-1 md:gap-3\">\n<div class=\"flex flex-grow flex-col max-w-full\">\n<div class=\"min-h-[20px] text-message flex flex-col items-start gap-3 whitespace-pre-wrap break-words [.text-message+&amp;]:mt-5 overflow-x-auto\" data-message-author-role=\"assistant\" data-message-id=\"eed72825-918b-4398-8cfa-b41c415734cd\">\n<div class=\"markdown prose w-full break-words dark:prose-invert light\">\n<p>Alla sivun tekstin k\u00e4\u00e4nn\u00f6s suomeksi, kuvat l\u00f6ytyv\u00e4t sivulta.<\/p>\n<p><strong>Ideaali syd\u00e4men sijainti<\/strong>: Syd\u00e4n ty\u00f6ntyy kynttil\u00e4st\u00e4 suorassa linjassa ja taipuu kohti liekin rajaa, astuen &#8221;hehkuvan vy\u00f6hykkeen&#8221; sis\u00e4\u00e4n, jossa se palaa t\u00e4ysin korkeimmassa l\u00e4mp\u00f6tilassa hapen vaikutuksesta.<\/p>\n<p><strong>Syd\u00e4n on v\u00e4\u00e4ntynyt korkkiruuviksi<\/strong>: T\u00e4m\u00e4 johtuu joko ep\u00e4tasaisesta j\u00e4nnityksest\u00e4 langassa punontaprosessin aikana tai kahdesta langasta, joissa on erilainen\u00a0\u00a0lankaluku. Toisena mahdollisena syyn\u00e4 voivat olla syd\u00e4nlangat, jotka punotaan yhteen ennen niiden asettamista kynttil\u00e4\u00e4n.<\/p>\n<p><strong>Syd\u00e4n on liian paksu<\/strong>: Liekin koko on liian suuri kynttil\u00e4n halkaisijaan n\u00e4hden ja tuottaa nokea.<\/p>\n<p><strong>Syd\u00e4n on liian pystyss\u00e4<\/strong>: Suuret, j\u00e4ljelle j\u00e4\u00e4neet hiukkaset ovat todenn\u00e4k\u00f6isesti yleisin ja \u00e4rsytt\u00e4vin ongelma, joka vaikuttaa kynttil\u00e4nsyd\u00e4nten palamiseen. Syd\u00e4n ei taivu, eik\u00e4 sen k\u00e4rki yll\u00e4 liekin ulkopuolelle, miss\u00e4 l\u00e4mp\u00f6tila on korkein ja hiili palaa t\u00e4ysin.<\/p>\n<p>Syit\u00e4: Paperilangat, paperi tai muut aineet, jotka on sekoitettu syd\u00e4nlankaan, est\u00e4v\u00e4t sen taipumisen. Ep\u00e4puhtaudet, kuten kova vaha, lis\u00e4aineet, v\u00e4riaineet tai tuoksut tukkivat syd\u00e4nlangan ja est\u00e4v\u00e4t sen taipumisen.<\/p>\n<p><strong>Syd\u00e4n on liian ohut:<\/strong> Liekin sulattaa enemm\u00e4n vahaa kuin syd\u00e4n voi polttaa. Vahavarasto t\u00e4yttyy nestem\u00e4isell\u00e4 vahalla ja lopulta vuotaa tai valuu yli.<\/p>\n<p><strong>Syd\u00e4n kaatuu:<\/strong> Syd\u00e4n on asetettu kynttil\u00e4\u00e4n liian l\u00f6ys\u00e4sti. T\u00e4m\u00e4 tapahtuu useimmiten puristetuille kynttil\u00f6ille, jos syd\u00e4nopastusta ei ole s\u00e4\u00e4detty kunnolla. Se voi tapahtua my\u00f6s valetuille kynttil\u00f6ille, jos syd\u00e4mill\u00e4 on liikaa tilaa.<\/p>\n<p><strong>Syd\u00e4n on liian lyhyt:<\/strong> Syd\u00e4n on vaurioitunut kynttil\u00e4materiaalin ep\u00e4puhtauksista. Liekki kutistuu, vahavarasto t\u00e4yttyy nestem\u00e4isell\u00e4 vahalla, ja kynttil\u00e4 vuotaa. \u00c4\u00e4rimm\u00e4isiss\u00e4 tapauksissa kynttil\u00e4 voi sammua. T\u00e4m\u00e4 johtuu ep\u00e4orgaanisista ep\u00e4puhtauksista vahassa: kovasta vahasta, keinotekoisesta vahasta, v\u00e4riaineista (erityisesti pigmentit) ja hajuste\u00f6ljyist\u00e4.<\/p>\n<p><strong>Syd\u00e4n savuaa<\/strong>: T\u00e4m\u00e4ntyyppist\u00e4 nokea syntyy vedon seurauksena. Kynttil\u00f6it\u00e4 tulisi polttaa vedottomassa tilassa.<\/p>\n<p><strong>Syd\u00e4n taipuu liian pitk\u00e4lle:<\/strong> T\u00e4m\u00e4 voi johtua pehme\u00e4st\u00e4 parafiinista (voimakas tunkeutuminen) tai riitt\u00e4m\u00e4tt\u00f6m\u00e4st\u00e4 syd\u00e4men valmistelusta. Erityisesti k\u00e4sitelty syd\u00e4n voi kest\u00e4\u00e4 paremmin pehme\u00e4ss\u00e4 parafiinissa kuin s\u00e4\u00e4nn\u00f6llisesti k\u00e4sitelty syd\u00e4n. T\u00e4m\u00e4 tapahtuu usein puristetuille kynttil\u00f6ille. Normaalisti k\u00e4sitellyt syd\u00e4met taipuvat liian pitk\u00e4lle, jos niit\u00e4 k\u00e4ytet\u00e4\u00e4n puristetuissa kynttil\u00f6iss\u00e4. Suosittelemme siksi k\u00e4ytt\u00e4m\u00e4\u00e4n erityisesti k\u00e4sitelty\u00e4, punottua syd\u00e4nt\u00e4 puristetuille kynttil\u00f6ille.<\/p>\n<p><strong>Syd\u00e4n tuottaa j\u00e4ljelle j\u00e4\u00e4v\u00e4\u00e4 tuhkaa:<\/strong> T\u00e4m\u00e4 tuhka syntyy ep\u00e4puhtauksista vahassa. Palamattomat materiaalit ker\u00e4\u00e4ntyv\u00e4t syd\u00e4men p\u00e4\u00e4h\u00e4n ohuina lankoina tai joskus jopa kaksoissyd\u00e4min\u00e4. Erityinen syd\u00e4nk\u00e4sittely voi polttaa tietyn m\u00e4\u00e4r\u00e4n ep\u00e4puhtauksia kokonaan.<\/p>\n<\/div>\n<\/div>\n<\/div>\n<div class=\"mt-1 flex justify-start gap-3 empty:hidden\">\n<div><\/div>\n<div class=\"text-gray-400 flex self-end lg:self-center justify-center lg:justify-start mt-0 -ml-1 visible\"><span style=\"font-size: var(--wp--preset--font-size--large); background-color: var(--wp--preset--color--base); color: var(--wp--preset--color--contrast); font-family: var(--wp--preset--font-family--system-font);\">Ymp\u00e4rist\u00f6vaikutus<\/span><\/div>\n<\/div>\n<\/div>\n<\/div>\n<\/div>\n<\/div>\n<\/div>\n<p>VIO:n steariini on ruotsalainen luonnontuote.<\/p>\n<p>Valkoiset kynttil\u00e4t ovat ymp\u00e4rist\u00f6lle hell\u00e4varaisimpia ja palavat parhaiten. V\u00e4rit valmistetaan metallien ja kemikaalien seoksista, eik\u00e4 niit\u00e4 k\u00e4ytet\u00e4 VIO:n kirkkokynttil\u00f6iss\u00e4 lainkaan.\u00a0Koko kynttil\u00e4n massa on poltettavissa.<\/p>\n<p>&nbsp;<\/p>\n<h3>Merkinn\u00e4t\u00a0&amp; T\u00e4rke\u00e4\u00e4 tietoa<\/h3>\n<h4>Tavallisimmat symbolit.<\/h4>\n<p><img loading=\"lazy\" decoding=\"async\" class=\"\" src=\"https:\/\/shop.textalk.se\/shop\/ws39\/53039\/files\/thTYE2XQM9.jpg\" width=\"173\" height=\"141\" \/><img loading=\"lazy\" decoding=\"async\" class=\"\" src=\"https:\/\/shop.textalk.se\/shop\/ws39\/53039\/files\/thF8D0I44Q.jpg\" width=\"173\" height=\"141\" \/><img decoding=\"async\" src=\"https:\/\/shop.textalk.se\/shop\/ws39\/53039\/files\/th1F3EYDFI.jpg\" \/><img loading=\"lazy\" decoding=\"async\" class=\"\" src=\"https:\/\/shop.textalk.se\/shop\/ws39\/53039\/files\/s4_(002).jpg\" width=\"134\" height=\"134\" \/><\/p>\n<p>\u00c4l\u00e4 koskaan j\u00e4t\u00e4 kynttil\u00e4\u00e4 palamaan yksin ilman valvontaa.<\/p>\n<p>Pid\u00e4 sytytetyt kynttil\u00e4t lasten ja kotiel\u00e4inten ulottumattomissa.<\/p>\n<p>\u00c4l\u00e4 sytyt\u00e4 tai pid\u00e4 kynttil\u00e4\u00e4 l\u00e4hell\u00e4 mit\u00e4\u00e4n palavaa.<\/p>\n<p>Aseta kynttil\u00e4t turvallisen v\u00e4limatkan p\u00e4\u00e4h\u00e4n toisistaan. Ohjeellinen minimiarvo 10 cm.<\/p>\n<h4><strong>N\u00e4in k\u00e4yt\u00e4t kynttil\u00f6it\u00e4 oikein.<\/strong><\/h4>\n<ul>\n<li>K\u00e4yt\u00e4 l\u00e4mp\u00f6\u00e4 kest\u00e4vi\u00e4 ja paloturvallisia kynttil\u00e4njalkoja.<\/li>\n<li>Varmista, ett\u00e4 kynttil\u00e4 on tukevasti jalassa ja suorassa.<\/li>\n<li>Sijoita kynttil\u00e4t riitt\u00e4v\u00e4n et\u00e4\u00e4lle toisistaan ettei viereisen kynttil\u00e4n l\u00e4mp\u00f6 pehmenn\u00e4 kynttil\u00e4\u00e4.<\/li>\n<li>Huomaa, ett\u00e4 esimerkiksi esimerkiksi ajoittain p\u00e4\u00e4lle kytkeytyv\u00e4st\u00e4 ilmastoinnista tai l\u00e4mmityksest\u00e4 aiheutuva tuuli \/ ilmavirta k\u00e4\u00e4nt\u00e4\u00e4 palavan liekin vinoon aiheuttaen reunan sulamisen yhdest\u00e4 kohtaan valuttaen steariinin.<\/li>\n<li>Leikkaa syd\u00e4n 1 cm pituiseksi ennen sytytt\u00e4mist\u00e4.<\/li>\n<li>Tarkista, ettei kynttil\u00e4n ns. maljassa ole roskaa.<\/li>\n<li>Tarkista, ett\u00e4 syd\u00e4nlanka on keskell\u00e4.<\/li>\n<li>Sytyt\u00e4 kaasusytyttimell\u00e4 ettei tulitikun p\u00e4\u00e4st\u00e4 tipahda pient\u00e4k\u00e4\u00e4n mustaa roskaa.<\/li>\n<li>Sytyt\u00e4 syd\u00e4nlangan juuresta, jotta liekki syttyy hyvin.<\/li>\n<li>\u00c4l\u00e4 liikuta palavaa kynttil\u00e4\u00e4.<\/li>\n<li>Sammuttaessasi kynttil\u00e4n voit hieman muotoilla l\u00e4mmint\u00e4 reunaa sis\u00e4\u00e4np\u00e4in.<\/li>\n<li>Kelluvia kynttil\u00f6it\u00e4 saa polttaa ainoastaan vedess\u00e4 paloturvallisessa vadissa.<\/li>\n<\/ul>\n<p><a name=\"tuotevalikoima\"><\/a><\/p>\n<h3><strong>TUOTEVALIKOIMA\u00a0<\/strong><\/h3>\n<\/div>\n<div><span style=\"color: #ff9900;\">TUOTEVALIKOIMA\u00a0\u00a0<\/span>l\u00f6ytyy\u00a0 kaupan puolelta.<\/div>\n<div><\/div>\n<div>Voit my\u00f6s tilata <span style=\"color: #ff9900;\">yksil\u00f6llisesti mukautettuja kynttil\u00f6it\u00e4<\/span>, jotta halkaisija on sopiva kynttil\u00e4njalkaan: kantaa voidaan sorvata pienemm\u00e4ksi tai siihen voidaan valaa paksunnos, jolloin muutos on +-3 mm runkokynttil\u00e4n paksuudesta. Muutos nostaa hintaa 60\u00a0sentti\u00e4 kynttil\u00e4lt\u00e4.<\/div>\n<div><img decoding=\"async\" src=\"http:\/\/sanctus.mycashflow.fi\/tuotekuvat\/192x192\/Vio_kynttilnmukautus_copy1.jpg\" alt=\"Kynttil\u00f6iden mukauttaminen\" \/><\/div>\n<div><img decoding=\"async\" src=\"https:\/\/sanctus.mycashflow.fi\/tuotekuvat\/258x258\/Vio%20kynttil%C3%A4nmukautus.jpg\" alt=\"Kynttil\u00e4n jalan sorvaus\" \/><\/div>\n<p>1) sorvattu kanta, 2) paksunnettu kanta, 3) sylinteri sorvaus, 4) piikkiporaus, 5) suoraporaus<\/p>\n<p><a title=\"Kynttil\u00e4t\" href=\"http:\/\/sanctus.mycashflow.fi\/category\/4\/kynttilat\" target=\"_blank\" rel=\"noopener noreferrer\"><img loading=\"lazy\" decoding=\"async\" title=\"Lis\u00e4tietoja ja tilaukset kaupan puolelta\" src=\"http:\/\/www.sanctus.fi\/wp-content\/uploads\/2012\/08\/kauppa_nappi2.png\" alt=\"Lis\u00e4tietoja ja tilaukset kaupan puolelta\" width=\"150\" height=\"34\" \/><\/a><\/p>\n<div><\/div>\n<div>\u00a0<span style=\"color: #ff9900;\">KASTEKYNTTIL\u00c4T\u00a0 \u00a0\u00a0<\/span><\/div>\n<p><img loading=\"lazy\" decoding=\"async\" class=\"\" src=\"http:\/\/sanctus.mycashflow.fi\/tuotekuvat\/192x192\/kastemalja.jpg\" alt=\"mukautus\" width=\"52\" height=\"118\" \/>\u00a0\u00a0\u00a0\u00a0<img loading=\"lazy\" decoding=\"async\" src=\"http:\/\/sanctus.mycashflow.fi\/tuotekuvat\/192x192\/px.jpg\" alt=\"mukautus\" width=\"52\" height=\"119\" \/><\/p>\n<p>Suurimpaan osaan kynttil\u00f6ist\u00e4 on mahdollista painaa oheisen kuvan &#8221;Kastemalja ja kyyhkynen&#8221;\u00a0 tai &#8221;PX&#8221; -kuvio. <a href=\"https:\/\/sanctus.mycashflow.fi\/product\/87\/kastekynttilat\">T\u00e4st\u00e4<\/a> verkkokaupan sivulle.<\/p>\n<p>Voimme painattaa my\u00f6s seurakunnan omalla logolla tai kuviolla kynttil\u00f6it\u00e4 olemassa oleviin ns. kynttil\u00e4runkoihin.<\/p>\n<p>&nbsp;<\/p>\n<p><span style=\"color: #ff9900;\">ADVENTTIKYNTTIL\u00c4T\u00a0 JA P\u00c4\u00c4SI\u00c4ISKYNTTIL\u00c4T<\/span><\/p>\n<p><img loading=\"lazy\" decoding=\"async\" class=\"\" src=\"https:\/\/sanctus.mycashflow.fi\/tuotekuvat\/162x162\/PX%20kuvio.jpg\" width=\"135\" height=\"179\" \/>\u00a0 \u00a0 \u00a0<img loading=\"lazy\" decoding=\"async\" class=\"\" src=\"https:\/\/sanctus.mycashflow.fi\/tuotekuvat\/258x258\/PX_68x500.jpg\" alt=\"P\u00e4\u00e4si\u00e4is\/adventtikynttil\u00e4 68x500 mm, PX, Alfa Omega\" width=\"135\" height=\"180\" \/><\/p>\n<p>N\u00e4ytt\u00e4v\u00e4 p\u00e4\u00e4si\u00e4iskynttil\u00e4 \/ adventtikynttil\u00e4.<br \/>\nKoko 60&#215;500 tai 68\u00d7500 mm, Kuviona kultapainettu (ei siis siirtokuva) PX AO.<\/p>\n<p>Siirry<a href=\"https:\/\/sanctus.mycashflow.fi\/product\/493\/paasiaisadventtikynttila-68x500-mm-px-alfa-omega\"> t\u00e4st\u00e4<\/a> verkkokaupan sivulle.<\/p>\n<p>&nbsp;<\/p>\n","protected":false},"excerpt":{"rendered":"<p>Kynttil\u00e4t kuvineen l\u00f6yd\u00e4t verkkokaupasta, jonne p\u00e4\u00e4set t\u00e4st\u00e4. &nbsp; Historia\u00a0| Valmistaminen | Tuotevalikoima &nbsp; Sanctus Oy on valinnut kynttil\u00e4ntoimittajakseen laadun huipulta VIO-kynttil\u00e4tehtaan. Kirkoissa vain paras laatu on kyllin hyv\u00e4\u00e4. Savuttaminen ja nokeaminen aiheuttavat vaikeasti ja kalliisti korjattavia vahinkoja kirkon seinille, maalauksille, uruille, tekstiileille ja esineille. Siksi on t\u00e4rke\u00e4\u00e4 polttaa vain parhaita mahdollisia kynttil\u00f6it\u00e4, jotka palavat puhtaasti. [&hellip;]<\/p>\n","protected":false},"author":1,"featured_media":0,"parent":22,"menu_order":20,"comment_status":"closed","ping_status":"closed","template":"","meta":{"footnotes":""},"class_list":["post-54","page","type-page","status-publish","hentry"],"_links":{"self":[{"href":"http:\/\/www.sanctus.fi\/index.php?rest_route=\/wp\/v2\/pages\/54","targetHints":{"allow":["GET"]}}],"collection":[{"href":"http:\/\/www.sanctus.fi\/index.php?rest_route=\/wp\/v2\/pages"}],"about":[{"href":"http:\/\/www.sanctus.fi\/index.php?rest_route=\/wp\/v2\/types\/page"}],"author":[{"embeddable":true,"href":"http:\/\/www.sanctus.fi\/index.php?rest_route=\/wp\/v2\/users\/1"}],"replies":[{"embeddable":true,"href":"http:\/\/www.sanctus.fi\/index.php?rest_route=%2Fwp%2Fv2%2Fcomments&post=54"}],"version-history":[{"count":99,"href":"http:\/\/www.sanctus.fi\/index.php?rest_route=\/wp\/v2\/pages\/54\/revisions"}],"predecessor-version":[{"id":1032,"href":"http:\/\/www.sanctus.fi\/index.php?rest_route=\/wp\/v2\/pages\/54\/revisions\/1032"}],"up":[{"embeddable":true,"href":"http:\/\/www.sanctus.fi\/index.php?rest_route=\/wp\/v2\/pages\/22"}],"wp:attachment":[{"href":"http:\/\/www.sanctus.fi\/index.php?rest_route=%2Fwp%2Fv2%2Fmedia&parent=54"}],"curies":[{"name":"wp","href":"https:\/\/api.w.org\/{rel}","templated":true}]}}